{"id":26,"date":"2024-11-15T15:18:03","date_gmt":"2024-11-15T15:18:03","guid":{"rendered":"https:\/\/cisco.inf.unideb.hu\/?page_id=26"},"modified":"2024-11-22T12:28:58","modified_gmt":"2024-11-22T11:28:58","slug":"kurzusaink","status":"publish","type":"page","link":"https:\/\/cisco.inf.unideb.hu\/?page_id=26","title":{"rendered":"CCNA: Bevezet\u00e9s a h\u00e1l\u00f3zatok vil\u00e1g\u00e1ba"},"content":{"rendered":"\n<div class=\"wp-block-columns is-layout-flex wp-container-core-columns-is-layout-9d6595d7 wp-block-columns-is-layout-flex\">\n<div class=\"wp-block-column is-layout-flow wp-block-column-is-layout-flow\" style=\"flex-basis:100%\">\n<p>K\u00e9szen \u00e1llsz egy IT karrierre? Az emberek vil\u00e1gszerte az internetet haszn\u00e1lj\u00e1k, ha dolgozni, tal\u00e1lkozni, tanulni, j\u00e1tszani vagy ak\u00e1r vacsor\u00e1t rendelni szeretn\u00e9nek, \u00e9s mindez nem lenne lehets\u00e9ges h\u00e1l\u00f3zati szakemberek n\u00e9lk\u00fcl. \u00cdgy ha p\u00e1lyam\u00f3dos\u00edt\u00e1son vagy \u00faj lehet\u0151s\u00e9gek keres\u00e9s\u00e9ben gondolkodsz, jusson eszedbe az informatika!<br><br>A h\u00e1rom tanfolyamb\u00f3l \u00e1ll\u00f3 sorozat sor\u00e1n elsaj\u00e1t\u00edthatod azokat a k\u00e9szs\u00e9geket, amelyekre sz\u00fcks\u00e9ged van bel\u00e9p\u0151 szint\u0171, p\u00e9ld\u00e1ul h\u00e1l\u00f3zati rendszergazda, rendszergazda vagy h\u00e1l\u00f3zati m\u00e9rn\u00f6k munkak\u00f6r\u00f6kh\u00f6z A tanfolyam felk\u00e9sz\u00edt a Cisco Certified Network Associate (CCNA) min\u0151s\u00edt\u0151 vizsga let\u00e9tel\u00e9re, amely egy olyan, az ipar\u00e1g \u00e1ltal elismert tan\u00fas\u00edtv\u00e1ny, amely igazolja szak\u00e9rtelmedet \u00e9s izgalmas szakmai lehet\u0151s\u00e9geket nyit meg sz\u00e1modra.<br><br>Kezdd a sorozat els\u0151 tanfolyam\u00e1val, a &#8220;CCNA: Bevezet\u00e9s a h\u00e1l\u00f3zatok vil\u00e1g\u00e1ba&#8221; tanfolyammal. A h\u00e1l\u00f3zati architekt\u00far\u00e1k \u00e9s protokollok meg\u00e9rt\u00e9se, az IP-c\u00edmz\u00e9s \u00e9s az Ethernet alapjainak elsaj\u00e1t\u00edt\u00e1sa sor\u00e1n alapvet\u0151 ismereteket szerzel \u00e9s megalapozod h\u00e1l\u00f3zati tud\u00e1sod. A tanfolyam interakt\u00edv laborokat \u00e9s val\u00f3s esetle\u00edr\u00e1sokat is tartalmaz, amelyek seg\u00edts\u00e9g\u00e9vel gyakorlati tapasztalatot szerezhetsz a helyi h\u00e1l\u00f3zatok (LAN-ok) \u00e9p\u00edt\u00e9s\u00e9ben, a h\u00e1l\u00f3zatbiztons\u00e1gi int\u00e9zked\u00e9sek v\u00e9grehajt\u00e1s\u00e1ban, valamint a routerek \u00e9s switchek konfigur\u00e1l\u00e1s\u00e1ban.<\/p>\n\n\n\n<div id=\"wp-block-themeisle-blocks-advanced-columns-ac72709d\" class=\"wp-block-themeisle-blocks-advanced-columns has-1-columns has-desktop-equal-layout has-tablet-equal-layout has-mobile-equal-layout has-vertical-unset\"><div class=\"wp-block-themeisle-blocks-advanced-columns-overlay\"><\/div><div class=\"innerblocks-wrap\">\n<div id=\"wp-block-themeisle-blocks-advanced-column-f62956f5\" class=\"wp-block-themeisle-blocks-advanced-column\">\n<h4 id=\"wp-block-themeisle-blocks-advanced-heading-c0b0aab9\" class=\"wp-block-themeisle-blocks-advanced-heading wp-block-themeisle-blocks-advanced-heading-c0b0aab9\"><strong>Amir\u0151l tanulni fogsz:<\/strong><\/h4>\n<\/div>\n<\/div><\/div>\n\n\n\n<figure class=\"wp-block-table is-style-stripes\"><table class=\"has-fixed-layout\"><tbody><tr><td><strong>01. modul:<\/strong> A h\u00e1l\u00f3zat jelene<\/td><\/tr><tr><td><strong>02. modul:<\/strong> Switch-ek \u00e9s v\u00e9gberendez\u00e9sek alapbe\u00e1ll\u00edt\u00e1sainak megad\u00e1sa<\/td><\/tr><tr><td><strong>03. modul:<\/strong> Protokollok \u00e9s modellek<\/td><\/tr><tr><td><strong>04. modul:<\/strong> Fizikai r\u00e9teg<\/td><\/tr><tr><td><strong>05. modul:<\/strong> Sz\u00e1mrendszerek<\/td><\/tr><tr><td><strong>06. modul:<\/strong> Adatkapcsolati r\u00e9teg<\/td><\/tr><tr><td><strong>07. modul:<\/strong> Ethernet kapcsol\u00e1s<\/td><\/tr><tr><td><strong>08. modul:<\/strong> H\u00e1l\u00f3zati r\u00e9teg<\/td><\/tr><tr><td><strong>09. modul:<\/strong> C\u00edmfelold\u00e1s<\/td><\/tr><tr><td><strong>10. modul:<\/strong> Alapvet\u0151 forgalomir\u00e1ny\u00edt\u00f3-konfigur\u00e1ci\u00f3<\/td><\/tr><tr><td><strong>11. modul:<\/strong> IPv4-c\u00edmz\u00e9s<\/td><\/tr><tr><td><strong>12. modul:<\/strong> IPv6-c\u00edmz\u00e9s<\/td><\/tr><tr><td><strong>13. modul:<\/strong> ICMP<\/td><\/tr><tr><td><strong>14. modul:<\/strong> Sz\u00e1ll\u00edt\u00e1si r\u00e9teg<\/td><\/tr><tr><td><strong>15. modul:<\/strong> Alkalmaz\u00e1si r\u00e9teg<\/td><\/tr><tr><td><strong>16. modul:<\/strong> H\u00e1l\u00f3zatbiztons\u00e1gi alapok<\/td><\/tr><tr><td><strong>17. modul:<\/strong> Kism\u00e9ret\u0171 h\u00e1l\u00f3zat \u00e9p\u00edt\u00e9se<\/td><\/tr><\/tbody><\/table><\/figure>\n<\/div>\n<\/div>\n\n\n\n<p><\/p>\n","protected":false},"excerpt":{"rendered":"<p>K\u00e9szen \u00e1llsz egy IT karrierre? Az emberek vil\u00e1gszerte az internetet haszn\u00e1lj\u00e1k, ha dolgozni, tal\u00e1lkozni, tanulni, j\u00e1tszani vagy ak\u00e1r vacsor\u00e1t rendelni szeretn\u00e9nek, \u00e9s mindez nem lenne lehets\u00e9ges h\u00e1l\u00f3zati szakemberek n\u00e9lk\u00fcl. \u00cdgy &#8230;<\/p>\n","protected":false},"author":18974,"featured_media":0,"parent":0,"menu_order":0,"comment_status":"closed","ping_status":"closed","template":"template-fullwidth.php","meta":{"_themeisle_gutenberg_block_has_review":false,"footnotes":""},"class_list":["post-26","page","type-page","status-publish","hentry"],"_links":{"self":[{"href":"https:\/\/cisco.inf.unideb.hu\/index.php?rest_route=\/wp\/v2\/pages\/26","targetHints":{"allow":["GET"]}}],"collection":[{"href":"https:\/\/cisco.inf.unideb.hu\/index.php?rest_route=\/wp\/v2\/pages"}],"about":[{"href":"https:\/\/cisco.inf.unideb.hu\/index.php?rest_route=\/wp\/v2\/types\/page"}],"author":[{"embeddable":true,"href":"https:\/\/cisco.inf.unideb.hu\/index.php?rest_route=\/wp\/v2\/users\/18974"}],"replies":[{"embeddable":true,"href":"https:\/\/cisco.inf.unideb.hu\/index.php?rest_route=%2Fwp%2Fv2%2Fcomments&post=26"}],"version-history":[{"count":4,"href":"https:\/\/cisco.inf.unideb.hu\/index.php?rest_route=\/wp\/v2\/pages\/26\/revisions"}],"predecessor-version":[{"id":1654,"href":"https:\/\/cisco.inf.unideb.hu\/index.php?rest_route=\/wp\/v2\/pages\/26\/revisions\/1654"}],"wp:attachment":[{"href":"https:\/\/cisco.inf.unideb.hu\/index.php?rest_route=%2Fwp%2Fv2%2Fmedia&parent=26"}],"curies":[{"name":"wp","href":"https:\/\/api.w.org\/{rel}","templated":true}]}}