{"id":1790,"date":"2025-10-18T11:28:39","date_gmt":"2025-10-18T10:28:39","guid":{"rendered":"https:\/\/cisco.inf.unideb.hu\/?page_id=1790"},"modified":"2025-10-18T11:30:04","modified_gmt":"2025-10-18T10:30:04","slug":"euroskills-2010-helyezes","status":"publish","type":"page","link":"https:\/\/cisco.inf.unideb.hu\/?page_id=1790","title":{"rendered":"EuroSkills 2010 helyez\u00e9s"},"content":{"rendered":"\n<p>A szakm\u00e1k Eur\u00f3pa Bajnoks\u00e1g\u00e1nak sz\u00e1m\u00edt\u00f3 EuroSkills 2010 verseny Lisszaboni d\u00f6nt\u0151j\u00e9n az Office ICT Team kateg\u00f3ri\u00e1ban indult csapatunk negyedik helyez\u00e9st \u00e9rt el, tagjai Kaplonyi D\u00e1vid, Szab\u00f3 G\u00e1bor, Hajd\u00fa L\u00e1szl\u00f3 \u00e9s Horv\u00e1th Tibor. A csapatok versenyz\u0151i egy\u00e9nileg, saj\u00e1t kateg\u00f3ri\u00e1jukban is \u00e9rt\u00e9kelve lettek. Ez alapj\u00e1n Kaplonyi D\u00e1vid arany, Horv\u00e1th Tibor ez\u00fcst, Szab\u00f3 G\u00e1bor pedig bronz\u00e9remmel z\u00e1rta a versenyt. A csapat tagjai megkapt\u00e1k a &#8220;Medaillon of Excellence&#8221; elismer\u00e9st az el\u00e9rt eredm\u00e9ny\u00fck alapj\u00e1n. Kaplonyi D\u00e1vid ez eg\u00e9sz magyar k\u00fcld\u00f6tts\u00e9g legeredm\u00e9nyesebb versenyz\u0151je lett \u00e9s megkapta a &#8220;Best of theNation&#8221; \u00e9rmet is. A csapatok felk\u00e9sz\u00fcl\u00e9s\u00e9t Dr. Alm\u00e1si B\u00e9la egyetemi docens seg\u00edtette.<\/p>\n\n\n\n<figure class=\"wp-block-gallery has-nested-images columns-default is-cropped wp-block-gallery-1 is-layout-flex wp-block-gallery-is-layout-flex\">\n<figure class=\"wp-block-image size-large\"><img loading=\"lazy\" decoding=\"async\" width=\"800\" height=\"534\" data-id=\"1792\" src=\"https:\/\/cisco.inf.unideb.hu\/wp-content\/uploads\/2025\/10\/EuroSkills2010d.jpg\" alt=\"\" class=\"wp-image-1792\" srcset=\"https:\/\/cisco.inf.unideb.hu\/wp-content\/uploads\/2025\/10\/EuroSkills2010d.jpg 800w, https:\/\/cisco.inf.unideb.hu\/wp-content\/uploads\/2025\/10\/EuroSkills2010d-300x200.jpg 300w, https:\/\/cisco.inf.unideb.hu\/wp-content\/uploads\/2025\/10\/EuroSkills2010d-768x513.jpg 768w\" sizes=\"auto, (max-width: 800px) 100vw, 800px\" \/><\/figure>\n\n\n\n<figure class=\"wp-block-image size-large\"><img loading=\"lazy\" decoding=\"async\" width=\"800\" height=\"534\" data-id=\"1793\" src=\"https:\/\/cisco.inf.unideb.hu\/wp-content\/uploads\/2025\/10\/EuroSkills2010a.jpg\" alt=\"\" class=\"wp-image-1793\" srcset=\"https:\/\/cisco.inf.unideb.hu\/wp-content\/uploads\/2025\/10\/EuroSkills2010a.jpg 800w, https:\/\/cisco.inf.unideb.hu\/wp-content\/uploads\/2025\/10\/EuroSkills2010a-300x200.jpg 300w, https:\/\/cisco.inf.unideb.hu\/wp-content\/uploads\/2025\/10\/EuroSkills2010a-768x513.jpg 768w\" sizes=\"auto, (max-width: 800px) 100vw, 800px\" \/><\/figure>\n\n\n\n<figure class=\"wp-block-image size-large\"><img loading=\"lazy\" decoding=\"async\" width=\"800\" height=\"534\" data-id=\"1794\" src=\"https:\/\/cisco.inf.unideb.hu\/wp-content\/uploads\/2025\/10\/EuroSkills2010c.jpg\" alt=\"\" class=\"wp-image-1794\" srcset=\"https:\/\/cisco.inf.unideb.hu\/wp-content\/uploads\/2025\/10\/EuroSkills2010c.jpg 800w, https:\/\/cisco.inf.unideb.hu\/wp-content\/uploads\/2025\/10\/EuroSkills2010c-300x200.jpg 300w, https:\/\/cisco.inf.unideb.hu\/wp-content\/uploads\/2025\/10\/EuroSkills2010c-768x513.jpg 768w\" sizes=\"auto, (max-width: 800px) 100vw, 800px\" \/><\/figure>\n<\/figure>\n","protected":false},"excerpt":{"rendered":"<p>A szakm\u00e1k Eur\u00f3pa Bajnoks\u00e1g\u00e1nak sz\u00e1m\u00edt\u00f3 EuroSkills 2010 verseny Lisszaboni d\u00f6nt\u0151j\u00e9n az Office ICT Team kateg\u00f3ri\u00e1ban indult csapatunk negyedik helyez\u00e9st \u00e9rt el, tagjai Kaplonyi D\u00e1vid, Szab\u00f3 G\u00e1bor, Hajd\u00fa L\u00e1szl\u00f3 \u00e9s Horv\u00e1th &#8230;<\/p>\n","protected":false},"author":18974,"featured_media":0,"parent":0,"menu_order":0,"comment_status":"closed","ping_status":"closed","template":"template-fullwidth.php","meta":{"_themeisle_gutenberg_block_has_review":false,"footnotes":""},"class_list":["post-1790","page","type-page","status-publish","hentry"],"_links":{"self":[{"href":"https:\/\/cisco.inf.unideb.hu\/index.php?rest_route=\/wp\/v2\/pages\/1790","targetHints":{"allow":["GET"]}}],"collection":[{"href":"https:\/\/cisco.inf.unideb.hu\/index.php?rest_route=\/wp\/v2\/pages"}],"about":[{"href":"https:\/\/cisco.inf.unideb.hu\/index.php?rest_route=\/wp\/v2\/types\/page"}],"author":[{"embeddable":true,"href":"https:\/\/cisco.inf.unideb.hu\/index.php?rest_route=\/wp\/v2\/users\/18974"}],"replies":[{"embeddable":true,"href":"https:\/\/cisco.inf.unideb.hu\/index.php?rest_route=%2Fwp%2Fv2%2Fcomments&post=1790"}],"version-history":[{"count":3,"href":"https:\/\/cisco.inf.unideb.hu\/index.php?rest_route=\/wp\/v2\/pages\/1790\/revisions"}],"predecessor-version":[{"id":1798,"href":"https:\/\/cisco.inf.unideb.hu\/index.php?rest_route=\/wp\/v2\/pages\/1790\/revisions\/1798"}],"wp:attachment":[{"href":"https:\/\/cisco.inf.unideb.hu\/index.php?rest_route=%2Fwp%2Fv2%2Fmedia&parent=1790"}],"curies":[{"name":"wp","href":"https:\/\/api.w.org\/{rel}","templated":true}]}}