{"id":1786,"date":"2025-10-18T11:16:37","date_gmt":"2025-10-18T10:16:37","guid":{"rendered":"https:\/\/cisco.inf.unideb.hu\/?page_id=1786"},"modified":"2025-10-18T11:16:37","modified_gmt":"2025-10-18T10:16:37","slug":"dr-almasi-bela-minositett-cisco-halozati-akademiai-oktatoi-cim-2009","status":"publish","type":"page","link":"https:\/\/cisco.inf.unideb.hu\/?page_id=1786","title":{"rendered":"Dr. Alm\u00e1si B\u00e9la &#8211; Min\u0151s\u00edtett Cisco H\u00e1l\u00f3zati Akad\u00e9miai Oktat\u00f3i c\u00edm &#8211; 2009"},"content":{"rendered":"\n<p>A Cisco H\u00e1l\u00f3zati Akad\u00e9mia Orsz\u00e1gos Konferenci\u00e1j\u00e1n, Veszpr\u00e9mben, <strong>2009. okt\u00f3ber 13.-<\/strong>\u00e1n\u00a0 <em>Min\u0151s\u00edtett Cisco H\u00e1l\u00f3zati Akad\u00e9miai Oktat\u00f3<\/em> c\u00edmet kapott <strong>Dr. Alm\u00e1si B\u00e9la<\/strong>.<\/p>\n\n\n<div class=\"wp-block-image\">\n<figure class=\"aligncenter size-large is-resized\"><img loading=\"lazy\" decoding=\"async\" width=\"719\" height=\"1024\" src=\"https:\/\/cisco.inf.unideb.hu\/wp-content\/uploads\/2025\/10\/ss_2025052009472800-719x1024.jpg\" alt=\"\" class=\"wp-image-1787\" style=\"width:516px;height:auto\" srcset=\"https:\/\/cisco.inf.unideb.hu\/wp-content\/uploads\/2025\/10\/ss_2025052009472800-719x1024.jpg 719w, https:\/\/cisco.inf.unideb.hu\/wp-content\/uploads\/2025\/10\/ss_2025052009472800-211x300.jpg 211w, https:\/\/cisco.inf.unideb.hu\/wp-content\/uploads\/2025\/10\/ss_2025052009472800-768x1094.jpg 768w, https:\/\/cisco.inf.unideb.hu\/wp-content\/uploads\/2025\/10\/ss_2025052009472800-1079x1536.jpg 1079w, https:\/\/cisco.inf.unideb.hu\/wp-content\/uploads\/2025\/10\/ss_2025052009472800-1438x2048.jpg 1438w, https:\/\/cisco.inf.unideb.hu\/wp-content\/uploads\/2025\/10\/ss_2025052009472800-scaled.jpg 1798w\" sizes=\"auto, (max-width: 719px) 100vw, 719px\" \/><figcaption class=\"wp-element-caption\">Forr\u00e1s: <a href=\"https:\/\/irh.inf.unideb.hu\">https:\/\/irh.inf.unideb.hu<\/a><\/figcaption><\/figure>\n<\/div>\n\n\n<p><\/p>\n\n\n\n<p><\/p>\n","protected":false},"excerpt":{"rendered":"<p>A Cisco H\u00e1l\u00f3zati Akad\u00e9mia Orsz\u00e1gos Konferenci\u00e1j\u00e1n, Veszpr\u00e9mben, 2009. okt\u00f3ber 13.-\u00e1n\u00a0 Min\u0151s\u00edtett Cisco H\u00e1l\u00f3zati Akad\u00e9miai Oktat\u00f3 c\u00edmet kapott Dr. Alm\u00e1si B\u00e9la.<\/p>\n","protected":false},"author":18974,"featured_media":0,"parent":0,"menu_order":0,"comment_status":"closed","ping_status":"closed","template":"template-fullwidth.php","meta":{"_themeisle_gutenberg_block_has_review":false,"footnotes":""},"class_list":["post-1786","page","type-page","status-publish","hentry"],"_links":{"self":[{"href":"https:\/\/cisco.inf.unideb.hu\/index.php?rest_route=\/wp\/v2\/pages\/1786","targetHints":{"allow":["GET"]}}],"collection":[{"href":"https:\/\/cisco.inf.unideb.hu\/index.php?rest_route=\/wp\/v2\/pages"}],"about":[{"href":"https:\/\/cisco.inf.unideb.hu\/index.php?rest_route=\/wp\/v2\/types\/page"}],"author":[{"embeddable":true,"href":"https:\/\/cisco.inf.unideb.hu\/index.php?rest_route=\/wp\/v2\/users\/18974"}],"replies":[{"embeddable":true,"href":"https:\/\/cisco.inf.unideb.hu\/index.php?rest_route=%2Fwp%2Fv2%2Fcomments&post=1786"}],"version-history":[{"count":1,"href":"https:\/\/cisco.inf.unideb.hu\/index.php?rest_route=\/wp\/v2\/pages\/1786\/revisions"}],"predecessor-version":[{"id":1788,"href":"https:\/\/cisco.inf.unideb.hu\/index.php?rest_route=\/wp\/v2\/pages\/1786\/revisions\/1788"}],"wp:attachment":[{"href":"https:\/\/cisco.inf.unideb.hu\/index.php?rest_route=%2Fwp%2Fv2%2Fmedia&parent=1786"}],"curies":[{"name":"wp","href":"https:\/\/api.w.org\/{rel}","templated":true}]}}