{"id":1732,"date":"2025-10-18T08:49:53","date_gmt":"2025-10-18T07:49:53","guid":{"rendered":"https:\/\/cisco.inf.unideb.hu\/?page_id=1732"},"modified":"2025-10-18T09:07:16","modified_gmt":"2025-10-18T08:07:16","slug":"dr-gal-zoltan-a-netacad-oktatasert-dij-dijazottja-2023","status":"publish","type":"page","link":"https:\/\/cisco.inf.unideb.hu\/?page_id=1732","title":{"rendered":"Dr. G\u00e1l Zolt\u00e1n a NetAcad Oktat\u00e1s\u00e9rt d\u00edj d\u00edjazottja (2023)"},"content":{"rendered":"\n<p><\/p>\n\n\n\n<h4 class=\"wp-block-heading\"><strong>Az oktat\u00f3i kateg\u00f3ria d\u00edjazottja:<\/strong><\/h4>\n\n\n\n<div id=\"wp-block-themeisle-blocks-advanced-columns-e2270c32\" class=\"wp-block-themeisle-blocks-advanced-columns has-2-columns has-desktop-oneTwo-layout has-tablet-equal-layout has-mobile-collapsedRows-layout has-vertical-unset\"><div class=\"wp-block-themeisle-blocks-advanced-columns-overlay\"><\/div><div class=\"innerblocks-wrap\">\n<div id=\"wp-block-themeisle-blocks-advanced-column-f7704274\" class=\"wp-block-themeisle-blocks-advanced-column\"><div class=\"wp-block-image\">\n<figure class=\"aligncenter size-full is-resized\"><img loading=\"lazy\" decoding=\"async\" width=\"134\" height=\"200\" src=\"https:\/\/cisco.inf.unideb.hu\/wp-content\/uploads\/2024\/11\/GZ.png\" alt=\"\" class=\"wp-image-1476\" style=\"width:197px;height:auto\"\/><figcaption class=\"wp-element-caption\"><strong>Dr. G\u00e1l Zolt\u00e1n<\/strong><\/figcaption><\/figure>\n<\/div><\/div>\n\n\n\n<div id=\"wp-block-themeisle-blocks-advanced-column-987b6809\" class=\"wp-block-themeisle-blocks-advanced-column\">\n<p><strong>Okleveles villamosm\u00e9rn\u00f6k, a Debreceni Egyetem Informatikai Kar\u00e1n (DEIK) dolgozik habilit\u00e1lt egyetemi docensk\u00e9nt, valamint az egyetemi Szupersz\u00e1m\u00edt\u00f3g\u00e9p K\u00f6zpont vezet\u0151jek\u00e9nt.<\/strong><\/p>\n\n\n\n<p><strong>Az egyetem jogel\u0151d szervezete, a Debreceni Universitas Egyes\u00fcl\u00e9s v\u00e1rosi gerinch\u00e1l\u00f3zat\u00e1t \u00fczemeltette 1992 \u00f3ta, ahol a 100 Mb\/s sebess\u00e9g\u0171 FDDI gy\u0171r\u0171ben a kor legismertebb Cisco eszk\u00f6zeit (AGS+\/4router) m\u0171k\u00f6dtette.<\/strong><\/p>\n\n\n\n<p><strong>A kommunik\u00e1ci\u00f3s technol\u00f3gia kilencvenes \u00e9vekben ismeretes robban\u00e1sszer\u0171 terjed\u00e9se \u00e9s b\u0151v\u00fcl\u00e9se, valamint a h\u00e1l\u00f3zati t\u00e1mad\u00e1sok megjelen\u00e9se sz\u00fcks\u00e9gess\u00e9 tette az Universitas gerinch\u00e1l\u00f3zat\u00e1nak professzion\u00e1lis internet szolg\u00e1ltat\u00f3i szintre emel\u00e9s\u00e9t.<\/strong><\/p>\n\n\n\n<p><strong>Emiatt csatlakozott a Cisco H\u00e1l\u00f3zati Akad\u00e9mia Programhoz 1999-ben, amikor Birmingham-ban CNAP oktat\u00f3k\u00e9pz\u0151 vizsg\u00e1t tett. A magyarorsz\u00e1gi oktat\u00f3k\u00e9pz\u0151 k\u00f6zpontban CCNA, majd CCNP szint\u0171 tud\u00e1st szerzett, amit m\u00e1ig a DEIK CNAP Oktat\u00f3k\u00f6zpont keret\u00e9ben szem\u00e9lyesen f\u00e9lezer egyetemi hallgat\u00f3nak, illetve k\u00f6z\u00e9piskolai informatika tan\u00e1rnak adott \u00e1t.<\/strong><\/p>\n\n\n\n<p><strong>A gyakorlatias tud\u00e1s birtok\u00e1ban a Debreceni Egyetem adath\u00e1l\u00f3zat\u00e1nak t\u00f6bb projektszint\u0171 b\u0151v\u00edt\u00e9s\u00e9t v\u00e9gezte, illetve koordin\u00e1lta az elm\u00falt \u00e9vtizedekben.<\/strong><\/p>\n\n\n\n<p><strong>F\u0151bb \u00e1llom\u00e1sai: 1997. egyetemk\u00f6zi ATM gerinch\u00e1l\u00f3zat, 2003. egyetemi IP telef\u00f3nia, 2004. egyetemi VoIP, 2005. egyetemi videokonferencia, 2011. egyetemi belt\u00e9ri \u00e9s k\u00fclt\u00e9ri WiFi, 2012. egyetemi multim\u00e9dia st\u00fadi\u00f3.<\/strong><\/p>\n\n\n\n<p><strong>A T\u00e1rgyak Internete (IoT) szakter\u00fclettel kib\u0151v\u00edtett CNAP tud\u00e1s\u00e1t 2016 \u00f3ta az egyetemi regul\u00e1ris k\u00e9pz\u00e9sben is alkalmazza, mintegy k\u00e9tezer feletti hallgat\u00f3 eset\u00e9ben.<\/strong><\/p>\n<\/div>\n<\/div><\/div>\n\n\n\n<div class=\"wp-block-group\"><div class=\"wp-block-group__inner-container is-layout-constrained wp-block-group-is-layout-constrained\">\n<div class=\"wp-block-columns is-layout-flex wp-container-core-columns-is-layout-9d6595d7 wp-block-columns-is-layout-flex\">\n<div class=\"wp-block-column is-layout-flow wp-block-column-is-layout-flow\" style=\"flex-basis:100%\">\n<div class=\"wp-block-group\"><div class=\"wp-block-group__inner-container is-layout-constrained wp-block-group-is-layout-constrained\">\n<figure class=\"wp-block-gallery has-nested-images columns-default is-cropped wp-block-gallery-1 is-layout-flex wp-block-gallery-is-layout-flex\">\n<figure class=\"wp-block-image\"><img loading=\"lazy\" decoding=\"async\" width=\"1023\" height=\"680\" data-id=\"1706\" src=\"https:\/\/cisco.inf.unideb.hu\/wp-content\/uploads\/2024\/11\/GZ_Netacad_dij_2023.jpg\" alt=\"\" class=\"wp-image-1706\" srcset=\"https:\/\/cisco.inf.unideb.hu\/wp-content\/uploads\/2024\/11\/GZ_Netacad_dij_2023.jpg 1023w, https:\/\/cisco.inf.unideb.hu\/wp-content\/uploads\/2024\/11\/GZ_Netacad_dij_2023-300x199.jpg 300w, https:\/\/cisco.inf.unideb.hu\/wp-content\/uploads\/2024\/11\/GZ_Netacad_dij_2023-768x510.jpg 768w\" sizes=\"auto, (max-width: 1023px) 100vw, 1023px\" \/><\/figure>\n\n\n\n<figure class=\"wp-block-image\"><img loading=\"lazy\" decoding=\"async\" width=\"1024\" height=\"542\" data-id=\"1711\" src=\"https:\/\/cisco.inf.unideb.hu\/wp-content\/uploads\/2024\/11\/GZ_Netacad_dij_2023-3-1.jpg\" alt=\"\" class=\"wp-image-1711\" srcset=\"https:\/\/cisco.inf.unideb.hu\/wp-content\/uploads\/2024\/11\/GZ_Netacad_dij_2023-3-1.jpg 1024w, https:\/\/cisco.inf.unideb.hu\/wp-content\/uploads\/2024\/11\/GZ_Netacad_dij_2023-3-1-300x159.jpg 300w, https:\/\/cisco.inf.unideb.hu\/wp-content\/uploads\/2024\/11\/GZ_Netacad_dij_2023-3-1-768x407.jpg 768w\" sizes=\"auto, (max-width: 1024px) 100vw, 1024px\" \/><\/figure>\n<\/figure>\n<\/div><\/div>\n<\/div>\n<\/div>\n<\/div><\/div>\n\n\n\n<p class=\"has-text-align-center\">Forr\u00e1s: <a href=\"https:\/\/digitrendi.hu\/dijazta-legjobb-oktatoit-a-jubilalo-cisco-halozati-akademia\/\">https:\/\/digitrendi.hu\/dijazta-legjobb-oktatoit-a-jubilalo-cisco-halozati-akademia\/<\/a><\/p>\n","protected":false},"excerpt":{"rendered":"<p>Az oktat\u00f3i kateg\u00f3ria d\u00edjazottja: Forr\u00e1s: https:\/\/digitrendi.hu\/dijazta-legjobb-oktatoit-a-jubilalo-cisco-halozati-akademia\/<\/p>\n","protected":false},"author":18974,"featured_media":0,"parent":0,"menu_order":0,"comment_status":"closed","ping_status":"closed","template":"template-fullwidth.php","meta":{"_themeisle_gutenberg_block_has_review":false,"footnotes":""},"class_list":["post-1732","page","type-page","status-publish","hentry"],"_links":{"self":[{"href":"https:\/\/cisco.inf.unideb.hu\/index.php?rest_route=\/wp\/v2\/pages\/1732","targetHints":{"allow":["GET"]}}],"collection":[{"href":"https:\/\/cisco.inf.unideb.hu\/index.php?rest_route=\/wp\/v2\/pages"}],"about":[{"href":"https:\/\/cisco.inf.unideb.hu\/index.php?rest_route=\/wp\/v2\/types\/page"}],"author":[{"embeddable":true,"href":"https:\/\/cisco.inf.unideb.hu\/index.php?rest_route=\/wp\/v2\/users\/18974"}],"replies":[{"embeddable":true,"href":"https:\/\/cisco.inf.unideb.hu\/index.php?rest_route=%2Fwp%2Fv2%2Fcomments&post=1732"}],"version-history":[{"count":7,"href":"https:\/\/cisco.inf.unideb.hu\/index.php?rest_route=\/wp\/v2\/pages\/1732\/revisions"}],"predecessor-version":[{"id":1744,"href":"https:\/\/cisco.inf.unideb.hu\/index.php?rest_route=\/wp\/v2\/pages\/1732\/revisions\/1744"}],"wp:attachment":[{"href":"https:\/\/cisco.inf.unideb.hu\/index.php?rest_route=%2Fwp%2Fv2%2Fmedia&parent=1732"}],"curies":[{"name":"wp","href":"https:\/\/api.w.org\/{rel}","templated":true}]}}