{"id":1666,"date":"2024-11-22T13:00:01","date_gmt":"2024-11-22T12:00:01","guid":{"rendered":"https:\/\/cisco.inf.unideb.hu\/?page_id=1666"},"modified":"2024-11-22T13:00:01","modified_gmt":"2024-11-22T12:00:01","slug":"bevezetes-az-iot-es-a-digitalis-atalakulas-vilagaba","status":"publish","type":"page","link":"https:\/\/cisco.inf.unideb.hu\/?page_id=1666","title":{"rendered":"Bevezet\u00e9s az IoT \u00e9s a digit\u00e1lis \u00e1talakul\u00e1s vil\u00e1g\u00e1ba"},"content":{"rendered":"\n<p>Az IoT a technol\u00f3gia egy gyorsan n\u00f6vekv\u0151 ter\u00fclete, ahol a vil\u00e1g minden t\u00e1j\u00e1n \u00faj v\u00e1llalatok, term\u00e9kek \u00e9s munkalehet\u0151s\u00e9gek jelennek meg. Fedezd fel, hogy az IoT, valamint az olyan felt\u00f6rekv\u0151 technol\u00f3gi\u00e1k, mint az adatelemz\u00e9s, a mesters\u00e9ges intelligencia \u00e9s a kiberbiztons\u00e1g, hogyan alak\u00edtj\u00e1k \u00e1t digit\u00e1lisan az ipar\u00e1gakat \u00e9s b\u0151v\u00edtik a karrierlehet\u0151s\u00e9geket. Az IoT-k\u00e9szs\u00e9gek elsaj\u00e1t\u00edt\u00e1s\u00e1val k\u00e9pes lehetsz b\u00e1rmilyen ipar\u00e1gban b\u00e1rmely v\u00e1llalkoz\u00e1st \u00e1talak\u00edtani, a gy\u00e1rt\u00e1st\u00f3l a k\u00f6rnyezetv\u00e9delemig. Ma m\u00e1r t\u00f6bb mint 26 milli\u00e1rd ember, rendszer \u00e9s fizikai t\u00e1rgy van \u00f6sszekapcsolva \u00e9s osztja meg adatait gond n\u00e9lk\u00fcl az interneten kereszt\u00fcl. Mindez gyorsan megv\u00e1ltoztatja a vil\u00e1gunkat. Tanuld meg azokat az IoT-k\u00e9szs\u00e9geket, amelyekre sz\u00fcks\u00e9ged lesz egy j\u00f3l fizet\u0151 \u00e1ll\u00e1shoz ezen az izgalmas ter\u00fcleten.<\/p>\n\n\n\n<div id=\"wp-block-themeisle-blocks-advanced-columns-50f7510c\" class=\"wp-block-themeisle-blocks-advanced-columns has-1-columns has-desktop-equal-layout has-tablet-equal-layout has-mobile-equal-layout has-vertical-unset\"><div class=\"wp-block-themeisle-blocks-advanced-columns-overlay\"><\/div><div class=\"innerblocks-wrap\">\n<div id=\"wp-block-themeisle-blocks-advanced-column-7e06a456\" class=\"wp-block-themeisle-blocks-advanced-column\">\n<h4 class=\"wp-block-heading\"><strong>Amir\u0151l tanulni fogsz:<\/strong><\/h4>\n<\/div>\n<\/div><\/div>\n\n\n\n<figure class=\"wp-block-table is-style-stripes\"><table class=\"has-fixed-layout\"><tbody><tr><td><strong>1. fejezet:<\/strong> Minden \u00f6sszek\u00f6ttet\u00e9sben van<\/td><\/tr><tr><td><strong>2. fejezet:<\/strong> Minden programozhat\u00f3v\u00e1 v\u00e1lik<\/td><\/tr><tr><td><strong>3. fejezet:<\/strong> Minden adatot gener\u00e1l<\/td><\/tr><tr><td><strong>4. fejezet:<\/strong> Minden automatiz\u00e1lhat\u00f3<\/td><\/tr><tr><td><strong>5. fejezet:<\/strong> Mindent v\u00e9deni kell<\/td><\/tr><tr><td><strong>6. fejezet:<\/strong> Oktat\u00e1si \u00e9s \u00fczleti lehet\u0151s\u00e9gek<\/td><\/tr><\/tbody><\/table><\/figure>\n\n\n\n<p><\/p>\n","protected":false},"excerpt":{"rendered":"<p>Az IoT a technol\u00f3gia egy gyorsan n\u00f6vekv\u0151 ter\u00fclete, ahol a vil\u00e1g minden t\u00e1j\u00e1n \u00faj v\u00e1llalatok, term\u00e9kek \u00e9s munkalehet\u0151s\u00e9gek jelennek meg. Fedezd fel, hogy az IoT, valamint az olyan felt\u00f6rekv\u0151 technol\u00f3gi\u00e1k, &#8230;<\/p>\n","protected":false},"author":18974,"featured_media":0,"parent":0,"menu_order":0,"comment_status":"closed","ping_status":"closed","template":"template-fullwidth.php","meta":{"_themeisle_gutenberg_block_has_review":false,"footnotes":""},"class_list":["post-1666","page","type-page","status-publish","hentry"],"_links":{"self":[{"href":"https:\/\/cisco.inf.unideb.hu\/index.php?rest_route=\/wp\/v2\/pages\/1666","targetHints":{"allow":["GET"]}}],"collection":[{"href":"https:\/\/cisco.inf.unideb.hu\/index.php?rest_route=\/wp\/v2\/pages"}],"about":[{"href":"https:\/\/cisco.inf.unideb.hu\/index.php?rest_route=\/wp\/v2\/types\/page"}],"author":[{"embeddable":true,"href":"https:\/\/cisco.inf.unideb.hu\/index.php?rest_route=\/wp\/v2\/users\/18974"}],"replies":[{"embeddable":true,"href":"https:\/\/cisco.inf.unideb.hu\/index.php?rest_route=%2Fwp%2Fv2%2Fcomments&post=1666"}],"version-history":[{"count":1,"href":"https:\/\/cisco.inf.unideb.hu\/index.php?rest_route=\/wp\/v2\/pages\/1666\/revisions"}],"predecessor-version":[{"id":1667,"href":"https:\/\/cisco.inf.unideb.hu\/index.php?rest_route=\/wp\/v2\/pages\/1666\/revisions\/1667"}],"wp:attachment":[{"href":"https:\/\/cisco.inf.unideb.hu\/index.php?rest_route=%2Fwp%2Fv2%2Fmedia&parent=1666"}],"curies":[{"name":"wp","href":"https:\/\/api.w.org\/{rel}","templated":true}]}}