{"id":1616,"date":"2024-11-21T14:41:53","date_gmt":"2024-11-21T13:41:53","guid":{"rendered":"https:\/\/cisco.inf.unideb.hu\/?page_id=1616"},"modified":"2024-11-22T12:30:48","modified_gmt":"2024-11-22T11:30:48","slug":"ccna-kapcsolas-forgalomiranyitas-es-vezeteknelkuli-halozatok","status":"publish","type":"page","link":"https:\/\/cisco.inf.unideb.hu\/?page_id=1616","title":{"rendered":"CCNA: Kapcsol\u00e1s, forgalomir\u00e1ny\u00edt\u00e1s \u00e9s vezet\u00e9kn\u00e9lk\u00fcli h\u00e1l\u00f3zatok"},"content":{"rendered":"\n<p>A h\u00e1l\u00f3zati szakemberek l\u00e9tfontoss\u00e1g\u00fa szerepet j\u00e1tszanak az emberek, eszk\u00f6z\u00f6k \u00e9s adatok \u00f6sszekapcsol\u00e1s\u00e1ban vil\u00e1gszerte. Kreat\u00edv emberekre van sz\u00fcks\u00e9g\u00fcnk, akik seg\u00edtsenek \u00e1talak\u00edtani azt, ahogyan dolgozunk, \u00e9l\u00fcnk \u00e9s sz\u00f3rakozunk.<br><br>Ebben a h\u00e1rom tanfolyamb\u00f3l \u00e1ll\u00f3 sorozatban olyan k\u00e9szs\u00e9geket saj\u00e1t\u00edthatsz el, amelyekre sz\u00fcks\u00e9g van a bel\u00e9p\u0151 szint\u0171, p\u00e9ld\u00e1ul h\u00e1l\u00f3zati adminisztr\u00e1tor, rendszergazda vagy h\u00e1l\u00f3zati m\u00e9rn\u00f6k munkak\u00f6r\u00f6kh\u00f6z. A tanfolyam felk\u00e9sz\u00edt a Cisco Certified Network Associate (CCNA) min\u0151s\u00edt\u0151 vizsga let\u00e9tel\u00e9re, amely egy olyan, az ipar\u00e1g \u00e1ltal elismert tan\u00fas\u00edtv\u00e1ny, amely igazolja szak\u00e9rtelmedet \u00e9s izgalmas szakmai lehet\u0151s\u00e9geket nyit meg sz\u00e1modra.<br><br>A &#8220;CCNA: Kapcsol\u00e1s, forgalomir\u00e1ny\u00edt\u00e1s \u00e9s vezet\u00e9k n\u00e9lk\u00fcli h\u00e1l\u00f3zatok&#8221; a m\u00e1sodik tanfolyam ebben a sorozatban. Ez a kurzus a kapcsol\u00e1si \u00e9s \u00fatv\u00e1laszt\u00e1si t\u00e9mak\u00f6r\u00f6ket fedi le, valamint a vezet\u00e9k n\u00e9lk\u00fcli helyi h\u00e1l\u00f3zatok (WLAN) \u00e9s a biztons\u00e1g legfontosabb fogalmait t\u00e1rgyalja. A tanfolyam elv\u00e9gz\u00e9se ut\u00e1n meg\u00e9rted a h\u00e1l\u00f3zatok m\u0171k\u00f6d\u00e9s\u00e9t, \u00e9s k\u00e9pes leszel a h\u00e1l\u00f3zat konfigur\u00e1l\u00e1s\u00e1ra, a hibaelh\u00e1r\u00edt\u00e1sra \u00e9s a helyi h\u00e1l\u00f3zatok biztons\u00e1gi fenyeget\u00e9seinek enyh\u00edt\u00e9s\u00e9re.<\/p>\n\n\n\n<div id=\"wp-block-themeisle-blocks-advanced-columns-7d07c78f\" class=\"wp-block-themeisle-blocks-advanced-columns has-1-columns has-desktop-equal-layout has-tablet-equal-layout has-mobile-equal-layout has-vertical-unset\"><div class=\"wp-block-themeisle-blocks-advanced-columns-overlay\"><\/div><div class=\"innerblocks-wrap\">\n<div id=\"wp-block-themeisle-blocks-advanced-column-46184304\" class=\"wp-block-themeisle-blocks-advanced-column\">\n<h4 class=\"wp-block-heading\"><strong>Amir\u0151l tanulni fogsz:<\/strong><\/h4>\n<\/div>\n<\/div><\/div>\n\n\n\n<figure class=\"wp-block-table is-style-stripes\"><table class=\"has-fixed-layout\"><tbody><tr><td><strong>01. modul:<\/strong> Alapbe\u00e1ll\u00edt\u00e1sok<\/td><\/tr><tr><td><strong>02. modul:<\/strong> Kapcsol\u00e1si fogalmak<\/td><\/tr><tr><td><strong>03. modul:<\/strong> VLAN-ok<\/td><\/tr><tr><td><strong>04. modul:<\/strong> VLAN-k\u00f6zi forgalomir\u00e1ny\u00edt\u00e1s<\/td><\/tr><tr><td><strong>05. modul:<\/strong> STP fogalmak<\/td><\/tr><tr><td><strong>06. modul:<\/strong> EtherChannel<\/td><\/tr><tr><td><strong>07. modul:<\/strong> DHCPv4<\/td><\/tr><tr><td><strong>08. modul:<\/strong> SLAAC \u00e9s DHCPv6<\/td><\/tr><tr><td><strong>09. modul:<\/strong> FHRP fogalmak<\/td><\/tr><tr><td><strong>10. modul:<\/strong> LAN-biztons\u00e1gi fogalmak<\/td><\/tr><tr><td><strong>11. modul:<\/strong> Switch biztons\u00e1g\u00e1nak be\u00e1ll\u00edt\u00e1sa<\/td><\/tr><tr><td><strong>12. modul:<\/strong> WLAN fogalmak<\/td><\/tr><tr><td><strong>13. modul:<\/strong> WLAN-be\u00e1ll\u00edt\u00e1sok<\/td><\/tr><tr><td><strong>14. modul:<\/strong> Routing fogalmak<\/td><\/tr><tr><td><strong>15. modul:<\/strong> IP statikus \u00fatv\u00e1laszt\u00e1s<\/td><\/tr><tr><td><strong>16. modul:<\/strong> Statikus \u00e9s alap\u00e9rtelemezett \u00fatvonalak hibaelh\u00e1r\u00edt\u00e1sa<\/td><\/tr><\/tbody><\/table><\/figure>\n","protected":false},"excerpt":{"rendered":"<p>A h\u00e1l\u00f3zati szakemberek l\u00e9tfontoss\u00e1g\u00fa szerepet j\u00e1tszanak az emberek, eszk\u00f6z\u00f6k \u00e9s adatok \u00f6sszekapcsol\u00e1s\u00e1ban vil\u00e1gszerte. Kreat\u00edv emberekre van sz\u00fcks\u00e9g\u00fcnk, akik seg\u00edtsenek \u00e1talak\u00edtani azt, ahogyan dolgozunk, \u00e9l\u00fcnk \u00e9s sz\u00f3rakozunk. Ebben a h\u00e1rom tanfolyamb\u00f3l &#8230;<\/p>\n","protected":false},"author":18974,"featured_media":0,"parent":0,"menu_order":0,"comment_status":"closed","ping_status":"closed","template":"template-fullwidth.php","meta":{"_themeisle_gutenberg_block_has_review":false,"footnotes":""},"class_list":["post-1616","page","type-page","status-publish","hentry"],"_links":{"self":[{"href":"https:\/\/cisco.inf.unideb.hu\/index.php?rest_route=\/wp\/v2\/pages\/1616","targetHints":{"allow":["GET"]}}],"collection":[{"href":"https:\/\/cisco.inf.unideb.hu\/index.php?rest_route=\/wp\/v2\/pages"}],"about":[{"href":"https:\/\/cisco.inf.unideb.hu\/index.php?rest_route=\/wp\/v2\/types\/page"}],"author":[{"embeddable":true,"href":"https:\/\/cisco.inf.unideb.hu\/index.php?rest_route=\/wp\/v2\/users\/18974"}],"replies":[{"embeddable":true,"href":"https:\/\/cisco.inf.unideb.hu\/index.php?rest_route=%2Fwp%2Fv2%2Fcomments&post=1616"}],"version-history":[{"count":3,"href":"https:\/\/cisco.inf.unideb.hu\/index.php?rest_route=\/wp\/v2\/pages\/1616\/revisions"}],"predecessor-version":[{"id":1656,"href":"https:\/\/cisco.inf.unideb.hu\/index.php?rest_route=\/wp\/v2\/pages\/1616\/revisions\/1656"}],"wp:attachment":[{"href":"https:\/\/cisco.inf.unideb.hu\/index.php?rest_route=%2Fwp%2Fv2%2Fmedia&parent=1616"}],"curies":[{"name":"wp","href":"https:\/\/api.w.org\/{rel}","templated":true}]}}