{"id":1559,"date":"2024-11-18T15:43:00","date_gmt":"2024-11-18T14:43:00","guid":{"rendered":"https:\/\/cisco.inf.unideb.hu\/?page_id=1559"},"modified":"2024-11-22T16:19:06","modified_gmt":"2024-11-22T15:19:06","slug":"oktatassal-kapcsolatos-linkek","status":"publish","type":"page","link":"https:\/\/cisco.inf.unideb.hu\/?page_id=1559","title":{"rendered":"Oktat\u00e1ssal kapcsolatos linkek"},"content":{"rendered":"\n<div id=\"wp-block-themeisle-blocks-advanced-columns-25c6e91a\" class=\"wp-block-themeisle-blocks-advanced-columns has-1-columns has-desktop-equal-layout has-tablet-equal-layout has-mobile-equal-layout has-vertical-unset\"><div class=\"wp-block-themeisle-blocks-advanced-columns-overlay\"><\/div><div class=\"innerblocks-wrap\">\n<div id=\"wp-block-themeisle-blocks-advanced-column-77d4e095\" class=\"wp-block-themeisle-blocks-advanced-column\">\n<p><strong>Honlapok<\/strong><\/p>\n\n\n\n<ul class=\"wp-block-list\">\n<li><a href=\"http:\/\/www.cisco.com\/\">Cisco (hivatalos honlap)<\/a><\/li>\n\n\n\n<li><a href=\"http:\/\/www.cisco.hu\">Cisco Systems Magyarorsz\u00e1g<\/a><\/li>\n\n\n\n<li><a href=\"https:\/\/www.netacad.com\/\">Cisco NetSpace (online tananyagt\u00e1r)<\/a><\/li>\n\n\n\n<li><a href=\"https:\/\/netacad.hu\/\">Cisco H\u00e1l\u00f3zati Akad\u00e9mia<\/a><\/li>\n\n\n\n<li><a href=\"https:\/\/http-alapitvany.hu\/\">HTTP Alap\u00edtv\u00e1ny<\/a><\/li>\n<\/ul>\n\n\n\n<p><strong>Szoftverek<\/strong><\/p>\n\n\n\n<ul class=\"wp-block-list\">\n<li><a href=\"https:\/\/www.netacad.com\/\">Cisco Packet Tracer<\/a><\/li>\n\n\n\n<li><a href=\"https:\/\/www.gns3.com\/\">GNS3<\/a><\/li>\n\n\n\n<li><a href=\"https:\/\/www.postman.com\/\">Postman<\/a><\/li>\n\n\n\n<li><a href=\"http:\/\/www.putty.org\/\">PuTTY<\/a><\/li>\n\n\n\n<li><a href=\"https:\/\/www.manageengine.com\/products\/mibbrowser-free-tool\/download.html\">SNMP MIB browser<\/a><\/li>\n\n\n\n<li><a href=\"http:\/\/ttssh2.sourceforge.jp\/\">Tera Term<\/a><\/li>\n\n\n\n<li><a href=\"http:\/\/tftpd32.jounin.net\/\">Tftpd64<\/a><\/li>\n\n\n\n<li><a href=\"https:\/\/www.virtualbox.org\">VirtualBox<\/a><\/li>\n\n\n\n<li><a href=\"https:\/\/ubuntu.com\/#download\">Linux Ubuntu virtu\u00e1lis g\u00e9p<\/a><\/li>\n\n\n\n<li><a href=\"https:\/\/reactos.org\/\">ReacOS virtu\u00e1lis g\u00e9p<\/a><\/li>\n\n\n\n<li><a href=\"http:\/\/www.wireshark.org\/\">Wireshark<\/a><\/li>\n<\/ul>\n<\/div>\n<\/div><\/div>\n","protected":false},"excerpt":{"rendered":"","protected":false},"author":18974,"featured_media":0,"parent":0,"menu_order":0,"comment_status":"closed","ping_status":"closed","template":"template-fullwidth.php","meta":{"_themeisle_gutenberg_block_has_review":false,"footnotes":""},"class_list":["post-1559","page","type-page","status-publish","hentry"],"_links":{"self":[{"href":"https:\/\/cisco.inf.unideb.hu\/index.php?rest_route=\/wp\/v2\/pages\/1559","targetHints":{"allow":["GET"]}}],"collection":[{"href":"https:\/\/cisco.inf.unideb.hu\/index.php?rest_route=\/wp\/v2\/pages"}],"about":[{"href":"https:\/\/cisco.inf.unideb.hu\/index.php?rest_route=\/wp\/v2\/types\/page"}],"author":[{"embeddable":true,"href":"https:\/\/cisco.inf.unideb.hu\/index.php?rest_route=\/wp\/v2\/users\/18974"}],"replies":[{"embeddable":true,"href":"https:\/\/cisco.inf.unideb.hu\/index.php?rest_route=%2Fwp%2Fv2%2Fcomments&post=1559"}],"version-history":[{"count":4,"href":"https:\/\/cisco.inf.unideb.hu\/index.php?rest_route=\/wp\/v2\/pages\/1559\/revisions"}],"predecessor-version":[{"id":1702,"href":"https:\/\/cisco.inf.unideb.hu\/index.php?rest_route=\/wp\/v2\/pages\/1559\/revisions\/1702"}],"wp:attachment":[{"href":"https:\/\/cisco.inf.unideb.hu\/index.php?rest_route=%2Fwp%2Fv2%2Fmedia&parent=1559"}],"curies":[{"name":"wp","href":"https:\/\/api.w.org\/{rel}","templated":true}]}}