{"id":1547,"date":"2024-11-18T15:12:32","date_gmt":"2024-11-18T14:12:32","guid":{"rendered":"https:\/\/cisco.inf.unideb.hu\/?page_id=1547"},"modified":"2024-11-18T17:19:55","modified_gmt":"2024-11-18T16:19:55","slug":"netacad-oktatasert-dijak","status":"publish","type":"page","link":"https:\/\/cisco.inf.unideb.hu\/?page_id=1547","title":{"rendered":"NetAcad Oktat\u00e1s\u00e9rt d\u00edjak"},"content":{"rendered":"\n<div id=\"wp-block-themeisle-blocks-advanced-columns-b05f8dad\" class=\"wp-block-themeisle-blocks-advanced-columns has-1-columns has-desktop-equal-layout has-tablet-equal-layout has-mobile-equal-layout has-vertical-unset\"><div class=\"wp-block-themeisle-blocks-advanced-columns-overlay\"><\/div><div class=\"innerblocks-wrap\">\n<div id=\"wp-block-themeisle-blocks-advanced-column-bf21a6c1\" class=\"wp-block-themeisle-blocks-advanced-column\">\n<p>A Cisco H\u00e1l\u00f3zati Akad\u00e9mia 25 \u00e9ves \u00e9vfordul\u00f3j\u00e1n <strong>meghat\u00e1roz\u00f3 hazai informatika c\u00e9gek vezet\u0151i d\u00edjat alap\u00edtottak<\/strong>, mellyel szeretn\u00e9k elismerni azokat az oktat\u00f3kat \u00e9s int\u00e9zm\u00e9nyeket, akik kiemelked\u0151 szerepet v\u00e1llaltak \u00e9s v\u00e1llalnak a di\u00e1kok piack\u00e9pes informatikai tud\u00e1shoz juttat\u00e1s\u00e1ban a Cisco H\u00e1l\u00f3zati Akad\u00e9mia program keret\u00e9n bel\u00fcl.<\/p>\n\n\n\n<p><strong>A NetAcad Oktat\u00e1s\u00e9rt d\u00edj<\/strong><\/p>\n\n\n\n<p>A <strong>NetAcad Oktat\u00e1s\u00e9rt d\u00edjjal <\/strong>azokat az oktat\u00f3kat \u00e9s int\u00e9zm\u00e9nyeket ismerik el, akik innovat\u00edv \u00e9s kiemelked\u0151 eredm\u00e9nyess\u00e9g\u0171 munk\u00e1jukkal a program meghat\u00e1roz\u00f3 szerepl\u0151i. Minden \u00e9vben <strong>k\u00e9t szakk\u00e9pz\u00e9sben <\/strong>\u00e9s <strong>egy fels\u0151oktat\u00e1sban dolgoz\u00f3 oktat\u00f3<\/strong>, valamint <strong>egy int\u00e9zm\u00e9ny<\/strong> r\u00e9szes\u00fclhet a d\u00edjban. Az oktat\u00f3i kateg\u00f3ria d\u00edja mell\u00e9 500.000 Ft juttat\u00e1s j\u00e1r.<\/p>\n\n\n\n<p>Az <strong>Alm\u00e1si B\u00e9la <\/strong>nev\u00e9t visel\u0151 NetAcad Oktat\u00e1s\u00e9rt d\u00edj egy olyan <strong>\u00e9letm\u0171 k\u00fcl\u00f6nd\u00edj<\/strong>, amivel minden \u00e9vben egy olyan oktat\u00f3t d\u00edjaznak, aki hossz\u00fa id\u0151szakon kereszt\u00fcl v\u00e9gzett kiemelked\u0151 \u00e9s m\u00e1sokat is inspir\u00e1l\u00f3 munk\u00e1t. A d\u00edjjal j\u00e1r\u00f3 juttat\u00e1s 1.000.000 Ft.<\/p>\n\n\n\n<p>A d\u00edjakat minden \u00e9vben az alap\u00edt\u00f3k \u00e1ltal felk\u00e9rt kurat\u00f3rium \u00edt\u00e9li oda. A d\u00edjak \u00e1tad\u00e1s\u00e1ra els\u0151 alkalommal 2023. j\u00fanius 8-\u00e1n, a Cisco H\u00e1l\u00f3zati Akad\u00e9mia 25 \u00e9ves sz\u00fclinapi \u00fcnneps\u00e9g\u00e9n ker\u00fclt sor.<\/p>\n\n\n\n<p><strong><em>Az Alm\u00e1si B\u00e9la d\u00edjr\u00f3l<\/em><\/strong><\/p>\n\n\n\n<figure class=\"wp-block-image size-full is-resized\"><img loading=\"lazy\" decoding=\"async\" width=\"755\" height=\"755\" src=\"https:\/\/cisco.inf.unideb.hu\/wp-content\/uploads\/2024\/11\/almasi_bela.jpg\" alt=\"\" class=\"wp-image-1567\" style=\"width:266px;height:auto\" srcset=\"https:\/\/cisco.inf.unideb.hu\/wp-content\/uploads\/2024\/11\/almasi_bela.jpg 755w, https:\/\/cisco.inf.unideb.hu\/wp-content\/uploads\/2024\/11\/almasi_bela-300x300.jpg 300w, https:\/\/cisco.inf.unideb.hu\/wp-content\/uploads\/2024\/11\/almasi_bela-150x150.jpg 150w\" sizes=\"auto, (max-width: 755px) 100vw, 755px\" \/><\/figure>\n\n\n\n<p><em><strong>Dr. Alm\u00e1si B\u00e9la (1966-2015)<\/strong> a Debreceni Egyetem docense, aki a Cisco H\u00e1l\u00f3zati Akad\u00e9miai Program 1998-as magyarorsz\u00e1gi ind\u00edt\u00e1s\u00e1t\u00f3l kezdve akt\u00edv r\u00e9szese volt az oktat\u00e1snak \u00e9s az akad\u00e9miai program min\u00e9l sz\u00e9lesebb k\u00f6r\u0171 elterjeszt\u00e9s\u00e9nek. Els\u0151k k\u00f6z\u00f6tt szerzett CCNA, majd CCNP oktat\u00f3i min\u0151s\u00edt\u00e9st, fejleszt\u00e9seivel \u2013 mint pl. a debreceni t\u00e1vlabor ki\u00e9p\u00edt\u00e9se \u2013 sokat tett a magas sz\u00ednvonal\u00fa h\u00e1l\u00f3zati k\u00e9pz\u00e9sek megval\u00f3s\u00edt\u00e1s\u00e1\u00e9rt, a hallgat\u00f3k gyakorlati tud\u00e1s\u00e1nak elm\u00e9ly\u00edt\u00e9s\u00e9\u00e9rt. Mindezeken t\u00fal sz\u00e1mos tan\u00e1rkoll\u00e9g\u00e1t inspir\u00e1lt innovat\u00edv oktat\u00e1si megold\u00e1sok alkalmaz\u00e1s\u00e1ra.<\/em><\/p>\n<\/div>\n<\/div><\/div>\n\n\n\n<p><strong>A NETACAD Oktat\u00e1s\u00e9rt-d\u00edj alap\u00edt\u00f3i<\/strong><\/p>\n\n\n<div class=\"wp-block-image\">\n<figure class=\"aligncenter size-large\"><img loading=\"lazy\" decoding=\"async\" width=\"1024\" height=\"418\" src=\"https:\/\/cisco.inf.unideb.hu\/wp-content\/uploads\/2024\/11\/NetAcad-dij-alapitas-1024x418.png\" alt=\"\" class=\"wp-image-1548\" srcset=\"https:\/\/cisco.inf.unideb.hu\/wp-content\/uploads\/2024\/11\/NetAcad-dij-alapitas-1024x418.png 1024w, https:\/\/cisco.inf.unideb.hu\/wp-content\/uploads\/2024\/11\/NetAcad-dij-alapitas-300x122.png 300w, https:\/\/cisco.inf.unideb.hu\/wp-content\/uploads\/2024\/11\/NetAcad-dij-alapitas-768x313.png 768w, https:\/\/cisco.inf.unideb.hu\/wp-content\/uploads\/2024\/11\/NetAcad-dij-alapitas.png 1280w\" sizes=\"auto, (max-width: 1024px) 100vw, 1024px\" \/><\/figure>\n<\/div>\n\n\n<p class=\"has-text-align-right\">Forr\u00e1s: <a href=\"https:\/\/netacad.hu\/netacadoktatasertdij\">https:\/\/netacad.hu\/netacadoktatasertdij<\/a><\/p>\n\n\n\n<p><\/p>\n","protected":false},"excerpt":{"rendered":"<p>A NETACAD Oktat\u00e1s\u00e9rt-d\u00edj alap\u00edt\u00f3i Forr\u00e1s: https:\/\/netacad.hu\/netacadoktatasertdij<\/p>\n","protected":false},"author":18974,"featured_media":0,"parent":0,"menu_order":0,"comment_status":"closed","ping_status":"closed","template":"template-fullwidth.php","meta":{"_themeisle_gutenberg_block_has_review":false,"footnotes":""},"class_list":["post-1547","page","type-page","status-publish","hentry"],"_links":{"self":[{"href":"https:\/\/cisco.inf.unideb.hu\/index.php?rest_route=\/wp\/v2\/pages\/1547","targetHints":{"allow":["GET"]}}],"collection":[{"href":"https:\/\/cisco.inf.unideb.hu\/index.php?rest_route=\/wp\/v2\/pages"}],"about":[{"href":"https:\/\/cisco.inf.unideb.hu\/index.php?rest_route=\/wp\/v2\/types\/page"}],"author":[{"embeddable":true,"href":"https:\/\/cisco.inf.unideb.hu\/index.php?rest_route=\/wp\/v2\/users\/18974"}],"replies":[{"embeddable":true,"href":"https:\/\/cisco.inf.unideb.hu\/index.php?rest_route=%2Fwp%2Fv2%2Fcomments&post=1547"}],"version-history":[{"count":3,"href":"https:\/\/cisco.inf.unideb.hu\/index.php?rest_route=\/wp\/v2\/pages\/1547\/revisions"}],"predecessor-version":[{"id":1568,"href":"https:\/\/cisco.inf.unideb.hu\/index.php?rest_route=\/wp\/v2\/pages\/1547\/revisions\/1568"}],"wp:attachment":[{"href":"https:\/\/cisco.inf.unideb.hu\/index.php?rest_route=%2Fwp%2Fv2%2Fmedia&parent=1547"}],"curies":[{"name":"wp","href":"https:\/\/api.w.org\/{rel}","templated":true}]}}