{"id":1499,"date":"2024-11-17T20:09:55","date_gmt":"2024-11-17T20:09:55","guid":{"rendered":"https:\/\/cisco.inf.unideb.hu\/?page_id=1499"},"modified":"2025-10-28T11:55:31","modified_gmt":"2025-10-28T10:55:31","slug":"rolunk","status":"publish","type":"page","link":"https:\/\/cisco.inf.unideb.hu\/?page_id=1499","title":{"rendered":"R\u00f3lunk"},"content":{"rendered":"\n<p><strong>A Cisco-r\u00f3l<\/strong><\/p>\n\n\n\n<p>A <strong>Cisco Systems, Inc.<\/strong> egy amerikai multinacion\u00e1lis technol\u00f3giai v\u00e1llalat, melyet 1984-ben alap\u00edtottak San Francisc\u00f3ban. Sz\u00e9khelye San Jose, Kaliforni\u00e1ban (Silicon Valley) tal\u00e1lhat\u00f3. Neve a San Fran<strong>cisco<\/strong> v\u00e1ros nev\u00e9b\u0151l sz\u00e1rmazik, illetve a v\u00e1llalat log\u00f3j\u00e1ul a San Francisc\u00f3i hidat v\u00e1lasztott\u00e1k. F\u0151 profilja a h\u00e1l\u00f3zati eszk\u00f6z\u00f6k \u00e9s megold\u00e1sok fejleszt\u00e9se \u00e9s gy\u00e1rt\u00e1sa (routerek, switchek, t\u0171zfalak, vezet\u00e9k n\u00e9lk\u00fcli eszk\u00f6z\u00f6k, IP-telefonok, vide\u00f3konferencia rendszerek). Technol\u00f3giai szerepv\u00e1llal\u00e1sa is igen jelent\u0151s, a vil\u00e1g egyik vezet\u0151 szerepl\u0151je az internet infrastrukt\u00far\u00e1j\u00e1nak ki\u00e9p\u00edt\u00e9s\u00e9ben, fontos szerepet t\u00f6lt be az IT-h\u00e1l\u00f3zati szabv\u00e1nyok kialak\u00edt\u00e1s\u00e1ban, mint p\u00e9ld\u00e1ul az IPv6, MPLS, SDWAN, stb&#8230;<\/p>\n\n\n\n<p>A Cisco H\u00e1l\u00f3zati Akad\u00e9mia l\u00e9trehoz\u00e1s\u00e1nak f\u0151 c\u00e9lja a h\u00e1l\u00f3zati szakemberek Cisco eszk\u00f6z\u00f6k haszn\u00e1lat\u00e1nak kik\u00e9pz\u00e9se volt, ami k\u00e9s\u0151bb egy nemzetk\u00f6zi oktat\u00e1si programm\u00e1 n\u0151tte ki mag\u00e1t, amely az alap- \u00e9s halad\u00f3 szint\u0171 kurzustananyagokon k\u00edv\u00fcl felk\u00e9sz\u00edti a hallgat\u00f3kat k\u00fcl\u00f6nb\u00f6z\u0151 ipari tan\u00fas\u00edtv\u00e1nyok megszerz\u00e9s\u00e9re (CCNA &#8211; Cisco Certified Network Associate, CCNP, CCIE&#8230;)<\/p>\n\n\n\n<div id=\"wp-block-themeisle-blocks-advanced-columns-6b403edd\" class=\"wp-block-themeisle-blocks-advanced-columns has-3-columns has-desktop-equal-layout has-tablet-equal-layout has-mobile-collapsedRows-layout has-vertical-unset\"><div class=\"wp-block-themeisle-blocks-advanced-columns-overlay\"><\/div><div class=\"innerblocks-wrap\">\n<div id=\"wp-block-themeisle-blocks-advanced-column-0d991b6b\" class=\"wp-block-themeisle-blocks-advanced-column\"><div class=\"wp-block-image\">\n<figure class=\"aligncenter size-large is-resized\"><img loading=\"lazy\" decoding=\"async\" width=\"1024\" height=\"535\" src=\"https:\/\/cisco.inf.unideb.hu\/wp-content\/uploads\/2025\/10\/Cisco-Logo-1996-1024x535.png\" alt=\"\" class=\"wp-image-1767\" style=\"width:232px;height:auto\" srcset=\"https:\/\/cisco.inf.unideb.hu\/wp-content\/uploads\/2025\/10\/Cisco-Logo-1996-1024x535.png 1024w, https:\/\/cisco.inf.unideb.hu\/wp-content\/uploads\/2025\/10\/Cisco-Logo-1996-300x157.png 300w, https:\/\/cisco.inf.unideb.hu\/wp-content\/uploads\/2025\/10\/Cisco-Logo-1996-768x402.png 768w, https:\/\/cisco.inf.unideb.hu\/wp-content\/uploads\/2025\/10\/Cisco-Logo-1996-1536x803.png 1536w, https:\/\/cisco.inf.unideb.hu\/wp-content\/uploads\/2025\/10\/Cisco-Logo-1996-2048x1071.png 2048w\" sizes=\"auto, (max-width: 1024px) 100vw, 1024px\" \/><\/figure>\n<\/div><\/div>\n\n\n\n<div id=\"wp-block-themeisle-blocks-advanced-column-e165ea2f\" class=\"wp-block-themeisle-blocks-advanced-column\"><div class=\"wp-block-image\">\n<figure class=\"aligncenter size-large is-resized\"><img loading=\"lazy\" decoding=\"async\" width=\"1024\" height=\"576\" src=\"https:\/\/cisco.inf.unideb.hu\/wp-content\/uploads\/2025\/10\/golden-gate-bridge-1024x576.jpg\" alt=\"\" class=\"wp-image-1766\" style=\"width:218px;height:auto\" srcset=\"https:\/\/cisco.inf.unideb.hu\/wp-content\/uploads\/2025\/10\/golden-gate-bridge-1024x576.jpg 1024w, https:\/\/cisco.inf.unideb.hu\/wp-content\/uploads\/2025\/10\/golden-gate-bridge-300x169.jpg 300w, https:\/\/cisco.inf.unideb.hu\/wp-content\/uploads\/2025\/10\/golden-gate-bridge-768x432.jpg 768w, https:\/\/cisco.inf.unideb.hu\/wp-content\/uploads\/2025\/10\/golden-gate-bridge-1536x864.jpg 1536w, https:\/\/cisco.inf.unideb.hu\/wp-content\/uploads\/2025\/10\/golden-gate-bridge-2048x1152.jpg 2048w\" sizes=\"auto, (max-width: 1024px) 100vw, 1024px\" \/><\/figure>\n<\/div><\/div>\n\n\n\n<div id=\"wp-block-themeisle-blocks-advanced-column-b5c9b0af\" class=\"wp-block-themeisle-blocks-advanced-column\"><div class=\"wp-block-image\">\n<figure class=\"aligncenter size-large is-resized\"><img loading=\"lazy\" decoding=\"async\" width=\"1024\" height=\"538\" src=\"https:\/\/cisco.inf.unideb.hu\/wp-content\/uploads\/2025\/10\/Cisco-Logo-PNG-Photos-1024x538.png\" alt=\"\" class=\"wp-image-1768\" style=\"width:234px;height:auto\" srcset=\"https:\/\/cisco.inf.unideb.hu\/wp-content\/uploads\/2025\/10\/Cisco-Logo-PNG-Photos-1024x538.png 1024w, https:\/\/cisco.inf.unideb.hu\/wp-content\/uploads\/2025\/10\/Cisco-Logo-PNG-Photos-300x158.png 300w, https:\/\/cisco.inf.unideb.hu\/wp-content\/uploads\/2025\/10\/Cisco-Logo-PNG-Photos-768x403.png 768w, https:\/\/cisco.inf.unideb.hu\/wp-content\/uploads\/2025\/10\/Cisco-Logo-PNG-Photos.png 1200w\" sizes=\"auto, (max-width: 1024px) 100vw, 1024px\" \/><\/figure>\n<\/div><\/div>\n<\/div><\/div>\n\n\n\n<p><strong>A Cisco Magyarorsz\u00e1gon<\/strong><\/p>\n\n\n\n<p>A Cisco Systems Magatorsz\u00e1g Kft.-t 1995-ben alap\u00edtott\u00e1k meg, majd 1998-ban indult el haz\u00e1nkban a Cisco H\u00e1l\u00f3zati Akad\u00e9mia Program (CNAP), amely az\u00f3ta is fontos szerepet j\u00e1tszik a h\u00e1l\u00f3zati szakemberek k\u00e9pz\u00e9s\u00e9ben.<\/p>\n\n\n\n<p><strong>Cisco H\u00e1l\u00f3zati Akad\u00e9mia Program (CNAP) a Debreceni Egyetemen<\/strong><\/p>\n\n\n\n<p>A Cisco H\u00e1l\u00f3zati Akad\u00e9mia Program-hoz val\u00f3 csatlakoz\u00e1s alap\u00f6tlete Dr. Juh\u00e1sz Istv\u00e1n tan\u00e1r \u00fart\u00f3l sz\u00e1rmazik, aki m\u00e9g a Debreceni Egyetem megalap\u00edt\u00e1sa el\u0151tt (2000. janu\u00e1r 1.), illetve a Debreceni Egyetem Informatikai Kar\u00e1nak megalakul\u00e1sa (2004) el\u0151tt 1999-ben kezdem\u00e9nyezte a helyi Cisco Akad\u00e9mia l\u00e9trehoz\u00e1s\u00e1t a Kossuth Lajos Tudom\u00e1nyegyetemen. Az alap\u00edt\u00f3 tagok n\u00e9hai Dr. Alm\u00e1si B\u00e9la (1966-2015) \u00e9s Dr. G\u00e1l Zolt\u00e1n voltak, akik 1999-ben a CCNA oktat\u00f3i k\u00e9pz\u00e9st a CATC Birmingham-ben (UK), illetve 2000 \u00e9s 2001 k\u00f6z\u00f6tt a CATC \u00d3budai Egyetemen (akkor m\u00e9g Kand\u00f3 K\u00e1lm\u00e1n M\u0171szaki f\u0151iskol\u00e1n) v\u00e9gezt\u00e9k el. Dr. Alm\u00e1si B\u00e9la lett a Cisco region\u00e1lis akad\u00e9mia vezet\u0151je, illetve Dr. G\u00e1l Zolt\u00e1n a Cisco lok\u00e1lis akad\u00e9miai vezet\u0151. A legels\u0151 \u00e9vfolyamban v\u00e9gzett hallgat\u00f3k k\u00f6z\u00fcl megeml\u00edthetj\u00fck Dr. Adamk\u00f3 Attil\u00e1t \u00e9s Dr. Tornai R\u00f3bertet, akik jelenleg is a DEIK munkat\u00e1rsai, illetve Dr. Orosz P\u00e9tert, aki a BME, VIK, T\u00e1vk\u00f6zl\u00e9si \u00e9s Mesters\u00e9ges Intelligencia Tansz\u00e9k alkalmazottja. Jelenlegi Cisco oktat\u00f3ink: Dr. G\u00e1l Zolt\u00e1n, Dr. Sztrikn\u00e9 Karsai Andrea \u00c9va, valamint Dr. Szil\u00e1gyi Szabolcs.<\/p>\n\n\n<div class=\"wp-block-image\">\n<figure class=\"aligncenter size-full is-resized\"><img loading=\"lazy\" decoding=\"async\" width=\"800\" height=\"600\" src=\"https:\/\/cisco.inf.unideb.hu\/wp-content\/uploads\/2025\/10\/Juhasz_Istvan.jpg\" alt=\"\" class=\"wp-image-1769\" style=\"width:495px;height:auto\" srcset=\"https:\/\/cisco.inf.unideb.hu\/wp-content\/uploads\/2025\/10\/Juhasz_Istvan.jpg 800w, https:\/\/cisco.inf.unideb.hu\/wp-content\/uploads\/2025\/10\/Juhasz_Istvan-300x225.jpg 300w, https:\/\/cisco.inf.unideb.hu\/wp-content\/uploads\/2025\/10\/Juhasz_Istvan-768x576.jpg 768w\" sizes=\"auto, (max-width: 800px) 100vw, 800px\" \/><figcaption class=\"wp-element-caption\">Dr. Juh\u00e1sz Istv\u00e1n (Fot\u00f3: <a href=\"https:\/\/njszt.hu\">https:\/\/njszt.hu<\/a> )<\/figcaption><\/figure>\n<\/div>\n\n\n<p><strong>Cisco CCNA k\u00e9pz\u00e9s &#8211; Helysz\u00ednek<\/strong><\/p>\n\n\n\n<p>Kezdetben a Debreceni Reform\u00e1tus Egyetemi Templom adott helyet a Cisco k\u00e9pz\u00e9s sz\u00e1m\u00e1ra, ahol a templom alagsor\u00e1ban ker\u00fclt kialak\u00edt\u00e1sra az oktat\u00e1shoz sz\u00fcks\u00e9ges laborterem. K\u00e9s\u0151bb a k\u00e9pz\u00e9s \u00e1tker\u00fclt egy r\u00f6vid id\u0151re a Debreceni Egyetem \u00c9lettudom\u00e1nyi K\u00f6nyvt\u00e1r\u00e1ba, majd ezt k\u00f6vet\u0151en, az Informatikai Kar meg\u00e9p\u00fcl\u00e9s\u00e9ig, a Debreceni Egyetem k\u00e9mia \u00e9p\u00fclet\u00e9ben kapott helyet. 2011-t\u0151l az \u00faj kari \u00e9p\u00fcletben t\u00f6rt\u00e9nik a Cisco k\u00e9pz\u00e9s, ahol k\u00e9t Cisco labor (IF-03, IF-05) ker\u00fclt kialak\u00edt\u00e1sra a birminghami mint\u00e1nak megfelel\u0151en. A k\u00e9t terem k\u00f6zti \u00fcvegfallal elv\u00e1lasztott szerverszob\u00e1ban ker\u00fcltek be\u00fczemel\u00e9sre a k\u00e9pz\u00e9s sor\u00e1n haszn\u00e1lhat\u00f3 fizikai h\u00e1l\u00f3zati eszk\u00f6z\u00f6k, amelyeket a hallgat\u00f3k szabadon haszn\u00e1lhatnak a k\u00e9pz\u00e9s alatt gyakorl\u00e1s c\u00e9lj\u00e1b\u00f3l, a rendelkez\u00e9sre \u00e1ll\u00f3 h\u00e1l\u00f3zati emul\u00e1tork\u00f6rnyezetek mellett (Cisco Packet Tracer, GNS3, Cisco Modeling Labs).<\/p>\n\n\n\n<p>Jelenleg a DEIK m\u00e9rn\u00f6kinformatikus BSc \u00e9s MSc k\u00e9pz\u00e9sben van lehet\u0151s\u00e9g\u00fck a hallgat\u00f3knak CCNA \u00e9s CCNP kurzusok felv\u00e9tel\u00e9re.<\/p>\n\n\n\n<figure class=\"wp-block-gallery has-nested-images columns-default is-cropped wp-block-gallery-1 is-layout-flex wp-block-gallery-is-layout-flex\">\n<figure class=\"wp-block-image size-large\"><img loading=\"lazy\" decoding=\"async\" width=\"1024\" height=\"768\" data-id=\"1775\" src=\"https:\/\/cisco.inf.unideb.hu\/wp-content\/uploads\/2025\/10\/IMG_20241220_140657-1024x768.jpg\" alt=\"\" class=\"wp-image-1775\" srcset=\"https:\/\/cisco.inf.unideb.hu\/wp-content\/uploads\/2025\/10\/IMG_20241220_140657-1024x768.jpg 1024w, https:\/\/cisco.inf.unideb.hu\/wp-content\/uploads\/2025\/10\/IMG_20241220_140657-300x225.jpg 300w, https:\/\/cisco.inf.unideb.hu\/wp-content\/uploads\/2025\/10\/IMG_20241220_140657-768x576.jpg 768w, https:\/\/cisco.inf.unideb.hu\/wp-content\/uploads\/2025\/10\/IMG_20241220_140657-1536x1152.jpg 1536w, https:\/\/cisco.inf.unideb.hu\/wp-content\/uploads\/2025\/10\/IMG_20241220_140657-2048x1536.jpg 2048w\" sizes=\"auto, (max-width: 1024px) 100vw, 1024px\" \/><\/figure>\n\n\n\n<figure class=\"wp-block-image size-large\"><img loading=\"lazy\" decoding=\"async\" width=\"1024\" height=\"768\" data-id=\"1776\" src=\"https:\/\/cisco.inf.unideb.hu\/wp-content\/uploads\/2025\/10\/IMG_20241220_140749-1024x768.jpg\" alt=\"\" class=\"wp-image-1776\" srcset=\"https:\/\/cisco.inf.unideb.hu\/wp-content\/uploads\/2025\/10\/IMG_20241220_140749-1024x768.jpg 1024w, https:\/\/cisco.inf.unideb.hu\/wp-content\/uploads\/2025\/10\/IMG_20241220_140749-300x225.jpg 300w, https:\/\/cisco.inf.unideb.hu\/wp-content\/uploads\/2025\/10\/IMG_20241220_140749-768x576.jpg 768w, https:\/\/cisco.inf.unideb.hu\/wp-content\/uploads\/2025\/10\/IMG_20241220_140749-1536x1152.jpg 1536w, https:\/\/cisco.inf.unideb.hu\/wp-content\/uploads\/2025\/10\/IMG_20241220_140749-2048x1536.jpg 2048w\" sizes=\"auto, (max-width: 1024px) 100vw, 1024px\" \/><\/figure>\n\n\n\n<figure class=\"wp-block-image size-large\"><img loading=\"lazy\" decoding=\"async\" width=\"768\" height=\"1024\" data-id=\"1777\" src=\"https:\/\/cisco.inf.unideb.hu\/wp-content\/uploads\/2025\/10\/IMG_20241220_140947-768x1024.jpg\" alt=\"\" class=\"wp-image-1777\" srcset=\"https:\/\/cisco.inf.unideb.hu\/wp-content\/uploads\/2025\/10\/IMG_20241220_140947-768x1024.jpg 768w, https:\/\/cisco.inf.unideb.hu\/wp-content\/uploads\/2025\/10\/IMG_20241220_140947-225x300.jpg 225w, https:\/\/cisco.inf.unideb.hu\/wp-content\/uploads\/2025\/10\/IMG_20241220_140947-1152x1536.jpg 1152w, https:\/\/cisco.inf.unideb.hu\/wp-content\/uploads\/2025\/10\/IMG_20241220_140947-1536x2048.jpg 1536w, https:\/\/cisco.inf.unideb.hu\/wp-content\/uploads\/2025\/10\/IMG_20241220_140947.jpg 1836w\" sizes=\"auto, (max-width: 768px) 100vw, 768px\" \/><\/figure>\n\n\n\n<figure class=\"wp-block-image size-large\"><img loading=\"lazy\" decoding=\"async\" width=\"768\" height=\"1024\" data-id=\"1778\" src=\"https:\/\/cisco.inf.unideb.hu\/wp-content\/uploads\/2025\/10\/IMG_20241220_141009-768x1024.jpg\" alt=\"\" class=\"wp-image-1778\" srcset=\"https:\/\/cisco.inf.unideb.hu\/wp-content\/uploads\/2025\/10\/IMG_20241220_141009-768x1024.jpg 768w, https:\/\/cisco.inf.unideb.hu\/wp-content\/uploads\/2025\/10\/IMG_20241220_141009-225x300.jpg 225w, https:\/\/cisco.inf.unideb.hu\/wp-content\/uploads\/2025\/10\/IMG_20241220_141009-1152x1536.jpg 1152w, https:\/\/cisco.inf.unideb.hu\/wp-content\/uploads\/2025\/10\/IMG_20241220_141009-1536x2048.jpg 1536w, https:\/\/cisco.inf.unideb.hu\/wp-content\/uploads\/2025\/10\/IMG_20241220_141009.jpg 1836w\" sizes=\"auto, (max-width: 768px) 100vw, 768px\" \/><\/figure>\n\n\n\n<figure class=\"wp-block-image size-large\"><img loading=\"lazy\" decoding=\"async\" width=\"768\" height=\"1024\" data-id=\"1779\" src=\"https:\/\/cisco.inf.unideb.hu\/wp-content\/uploads\/2025\/10\/IMG_20241220_141113-768x1024.jpg\" alt=\"\" class=\"wp-image-1779\" srcset=\"https:\/\/cisco.inf.unideb.hu\/wp-content\/uploads\/2025\/10\/IMG_20241220_141113-768x1024.jpg 768w, https:\/\/cisco.inf.unideb.hu\/wp-content\/uploads\/2025\/10\/IMG_20241220_141113-225x300.jpg 225w, https:\/\/cisco.inf.unideb.hu\/wp-content\/uploads\/2025\/10\/IMG_20241220_141113-1152x1536.jpg 1152w, https:\/\/cisco.inf.unideb.hu\/wp-content\/uploads\/2025\/10\/IMG_20241220_141113-1536x2048.jpg 1536w, https:\/\/cisco.inf.unideb.hu\/wp-content\/uploads\/2025\/10\/IMG_20241220_141113.jpg 1836w\" sizes=\"auto, (max-width: 768px) 100vw, 768px\" \/><\/figure>\n\n\n\n<figure class=\"wp-block-image size-large\"><img loading=\"lazy\" decoding=\"async\" width=\"768\" height=\"1024\" data-id=\"1780\" src=\"https:\/\/cisco.inf.unideb.hu\/wp-content\/uploads\/2025\/10\/IMG_20241220_141341-768x1024.jpg\" alt=\"\" class=\"wp-image-1780\" srcset=\"https:\/\/cisco.inf.unideb.hu\/wp-content\/uploads\/2025\/10\/IMG_20241220_141341-768x1024.jpg 768w, https:\/\/cisco.inf.unideb.hu\/wp-content\/uploads\/2025\/10\/IMG_20241220_141341-225x300.jpg 225w, https:\/\/cisco.inf.unideb.hu\/wp-content\/uploads\/2025\/10\/IMG_20241220_141341-1152x1536.jpg 1152w, https:\/\/cisco.inf.unideb.hu\/wp-content\/uploads\/2025\/10\/IMG_20241220_141341-1536x2048.jpg 1536w, https:\/\/cisco.inf.unideb.hu\/wp-content\/uploads\/2025\/10\/IMG_20241220_141341.jpg 1836w\" sizes=\"auto, (max-width: 768px) 100vw, 768px\" \/><\/figure>\n<\/figure>\n","protected":false},"excerpt":{"rendered":"<p>A Cisco-r\u00f3l A Cisco Systems, Inc. egy amerikai multinacion\u00e1lis technol\u00f3giai v\u00e1llalat, melyet 1984-ben alap\u00edtottak San Francisc\u00f3ban. Sz\u00e9khelye San Jose, Kaliforni\u00e1ban (Silicon Valley) tal\u00e1lhat\u00f3. Neve a San Francisco v\u00e1ros nev\u00e9b\u0151l sz\u00e1rmazik, &#8230;<\/p>\n","protected":false},"author":18974,"featured_media":0,"parent":0,"menu_order":0,"comment_status":"closed","ping_status":"closed","template":"template-fullwidth.php","meta":{"_themeisle_gutenberg_block_has_review":false,"footnotes":""},"class_list":["post-1499","page","type-page","status-publish","hentry"],"_links":{"self":[{"href":"https:\/\/cisco.inf.unideb.hu\/index.php?rest_route=\/wp\/v2\/pages\/1499","targetHints":{"allow":["GET"]}}],"collection":[{"href":"https:\/\/cisco.inf.unideb.hu\/index.php?rest_route=\/wp\/v2\/pages"}],"about":[{"href":"https:\/\/cisco.inf.unideb.hu\/index.php?rest_route=\/wp\/v2\/types\/page"}],"author":[{"embeddable":true,"href":"https:\/\/cisco.inf.unideb.hu\/index.php?rest_route=\/wp\/v2\/users\/18974"}],"replies":[{"embeddable":true,"href":"https:\/\/cisco.inf.unideb.hu\/index.php?rest_route=%2Fwp%2Fv2%2Fcomments&post=1499"}],"version-history":[{"count":19,"href":"https:\/\/cisco.inf.unideb.hu\/index.php?rest_route=\/wp\/v2\/pages\/1499\/revisions"}],"predecessor-version":[{"id":1801,"href":"https:\/\/cisco.inf.unideb.hu\/index.php?rest_route=\/wp\/v2\/pages\/1499\/revisions\/1801"}],"wp:attachment":[{"href":"https:\/\/cisco.inf.unideb.hu\/index.php?rest_route=%2Fwp%2Fv2%2Fmedia&parent=1499"}],"curies":[{"name":"wp","href":"https:\/\/api.w.org\/{rel}","templated":true}]}}